{"id":51,"date":"2026-01-20T09:34:30","date_gmt":"2026-01-20T09:34:30","guid":{"rendered":"https:\/\/jaypre.de\/?page_id=51"},"modified":"2026-01-20T09:34:30","modified_gmt":"2026-01-20T09:34:30","slug":"datenschutzerklaerung","status":"publish","type":"page","link":"https:\/\/jaypre.de\/?page_id=51","title":{"rendered":"Datenschutzerkl\u00e4rung"},"content":{"rendered":"\n<h3 class=\"wp-block-heading\">1. Datenschutz auf einen Blick<\/h3>\n\n\n\n<p><strong>Allgemeine Hinweise<\/strong> Die folgenden Hinweise geben einen einfachen \u00dcberblick dar\u00fcber, was mit Ihren personenbezogenen Daten passiert, wenn Sie diese Website besuchen. Personenbezogene Daten sind alle Daten, mit denen Sie pers\u00f6nlich identifiziert<sup><\/sup> werden k\u00f6nn<sup><\/sup>en.<\/p>\n\n\n\n<p><strong>Datenerfassung auf dieser Website<\/strong> Die Datenverarbeitung auf dieser Website erfolgt durch den Websitebetreiber: <strong>Jacques-Rene Fetter<\/strong> E-Mail: info@jaypre.de (Vollst\u00e4ndige Anschrift siehe Impressum)<\/p>\n\n\n\n<p>Die Datenerfassung erfolgt einerseits dadurch, dass Sie uns diese mitteilen (z. B. per E-Mail). Andere Daten werden automatisch oder nach Ihrer Einwilligung beim Besuch der Website durch unsere IT-Systeme erfasst (vor allem technische Daten wie IP-Adresse oder Uhrzeit des Seitenaufrufs).<\/p>\n\n\n\n<hr class=\"wp-block-separator has-alpha-channel-opacity\"\/>\n\n\n\n<h3 class=\"wp-block-heading\">2. Hosting<\/h3>\n\n\n\n<p><strong>Externes Hosting (MC-Host24)<\/strong> Diese Website wird bei einem externen Dienstleister gehostet (MC-Host24). Die personenbezogenen Daten, die auf dieser Website erfasst werden, werden auf den Servern des Hosters gespeichert. Dies umfasst v. a. IP-Adressen, Metadaten, Webseitenzugriffe und sonstige Daten, die \u00fcber eine Website generiert werden. Der Einsatz des Hosters erfolgt zum Zwecke der Vertragserf\u00fcllung gegen\u00fcber unseren potenziellen und bestehenden Kunden (Art. 6 Abs. 1 lit. b DSGVO) und im Interesse einer sicheren, schnellen und effizienten Bereitstellung unseres Online-Angebots durch einen professionellen Anbieter (Art. 6 Abs. 1 lit. f <sup><\/sup>DSGVO).<\/p>\n\n\n\n<hr class=\"wp-block-separator has-alpha-channel-opacity\"\/>\n\n\n\n<h3 class=\"wp-block-heading\">3. Datenerfassung auf dieser Website<\/h3>\n\n\n\n<p><strong>E-Mail-Anfragen<\/strong> Wenn Sie uns per E-Mail kontaktieren, wird Ihre Anfrage inklusive aller daraus hervorgehenden personenbezogenen Daten (Name, Anfrage) zum Zwecke der Bearbeitung Ihres Anliegens bei uns gespeichert und verarbeitet. Diese Daten geben wir nicht ohne Ihre Einwilligung weite<sup><\/sup>r.<\/p>\n\n\n\n<p><strong>Voting-System (Speicherung der IP-Adresse)<\/strong> Auf unserer Website bieten wir ein Voting-System f\u00fcr Clips an. Um Missbrauch vorzubeugen und die Integrit\u00e4t der Abstimmung zu gew\u00e4hrleisten (Vermeidung von Mehrfachabstimmungen), wird bei der Abgabe einer Stimme Ihre IP-Adresse gespeichert. Die Rechtsgrundlage f\u00fcr diese Verarbeitung ist Art. 6 Abs. 1 lit. f DSGVO (berechtigtes Interesse). Die Speicherung erfolgt nur so lange, wie es f\u00fcr die Durchf\u00fchrung und Auswertung des Votings erforderlich ist.<\/p>\n\n\n\n<p><strong>Server-Log-Dateien<\/strong> Der Provider der Seiten erhebt und speichert automatisch Informationen in so genannten Server-Log-Dateien, die Ihr Browser automatisch an uns \u00fcbermittelt. Dies sind:<sup><\/sup><\/p>\n\n\n\n<ul class=\"wp-block-list\">\n<li>Browsertyp und Browserversion<\/li>\n\n\n\n<li>Verwendetes Betriebssystem und Referrer URL<\/li>\n\n\n\n<li>Hostname des zugreifenden Rechners<\/li>\n\n\n\n<li>Uhrzeit der Serveranfrage und IP-Adresse<\/li>\n<\/ul>\n\n\n\n<p>Eine Zusammenf\u00fchrung dieser Daten mit anderen Datenquellen wird nicht vorgenommen.<\/p>\n\n\n\n<hr class=\"wp-block-separator has-alpha-channel-opacity\"\/>\n\n\n\n<h3 class=\"wp-block-heading\">4. Plugins und Tools<\/h3>\n\n\n\n<p><strong>Lokale Bereitstellung von Schriftarten (Google Fonts)<\/strong> Diese Seite nutzt zur einheitlichen Darstellung von Schriftarten so genannte Web Fonts. Diese werden lokal auf unserem Server installiert. Eine Verbindung zu Servern von Google findet dabei nicht statt.<\/p>\n\n\n\n<p><strong>Twitch-Integration (Clips und Kalender)<\/strong> Auf unserer Website sind Funktionen des Dienstes Twitch eingebunden (Betreiber: Twitch Interactive, Inc., USA). Wenn Sie Seiten aufrufen, die Twitch-Elemente (z. B. Clips oder den Kalender) enthalten, wird eine Verbindung zu den Servern von Twitch hergestellt. Dabei wird dem Twitch-Server mitgeteilt, welche unserer Internetseiten Sie besucht haben. Wenn Sie in Ihrem Twitch-Account eingeloggt sind, erm\u00f6glichen Sie Twitch, Ihr Surfverhalten direkt Ihrem pers\u00f6nlichen Profil zuzuordnen. Dies k\u00f6nnen Sie verhindern, indem Sie sich aus Ihrem Twitch-Account auslo<sup><\/sup>ggen.<sup><\/sup> Die Nutzung von Twitch erfolgt im Interesse einer ansprechenden Darstellung unserer Online-Ange<sup><\/sup>bote (Art. 6 Abs. 1 lit. f DSGVO).<\/p>\n\n\n\n<p><strong>Social Media Links (Instagram, Twitch, YouTube)<\/strong> Auf unserer Website sind Links zu Social-Media-Diensten eingebunden. Es handelt sich hierbei nicht um aktive Plugins, die bereits beim Laden der Seite Daten \u00fcbertragen, sondern um einfache Hyperlinks. Erst wenn Sie auf den jeweiligen Button klicken, werden Sie auf die Seite des Anbieters weitergeleitet. Dort gelten die Datenschutzbestimmungen des jeweiligen Betreibers.<\/p>\n\n\n\n<hr class=\"wp-block-separator has-alpha-channel-opacity\"\/>\n\n\n\n<h3 class=\"wp-block-heading\">5. Ihre Rechte<\/h3>\n\n\n\n<p>Sie haben jederzeit das Recht:<\/p>\n\n\n\n<p>Beschwerde bei der zust\u00e4ndigen Aufsichtsbeh\u00f6rde einzulegen.<\/p>\n\n\n\n<p>Auskunft \u00fcber Herkunft, Empf\u00e4nger und Zweck Ihrer gespeicherten personenbezogenen Daten zu erhalten.<\/p>\n\n\n\n<p>Die Berichtigung oder L\u00f6schung dieser Daten zu verlangen.<\/p>\n\n\n\n<p>Eine erteilte Einwilligung zur Datenverarbeitung zu widerrufen.<\/p>\n","protected":false},"excerpt":{"rendered":"<p>1. Datenschutz auf einen Blick Allgemeine Hinweise Die folgenden Hinweise geben einen einfachen \u00dcberblick dar\u00fcber, was mit Ihren personenbezogenen Daten [&hellip;]<\/p>\n","protected":false},"author":1,"featured_media":0,"parent":0,"menu_order":0,"comment_status":"closed","ping_status":"closed","template":"","meta":{"site-sidebar-layout":"default","site-content-layout":"","ast-site-content-layout":"default","site-content-style":"default","site-sidebar-style":"default","ast-global-header-display":"","ast-banner-title-visibility":"","ast-main-header-display":"","ast-hfb-above-header-display":"","ast-hfb-below-header-display":"","ast-hfb-mobile-header-display":"","site-post-title":"","ast-breadcrumbs-content":"","ast-featured-img":"","footer-sml-layout":"","theme-transparent-header-meta":"","adv-header-id-meta":"","stick-header-meta":"","header-above-stick-meta":"","header-main-stick-meta":"","header-below-stick-meta":"","astra-migrate-meta-layouts":"default","ast-page-background-enabled":"default","ast-page-background-meta":{"desktop":{"background-color":"var(--ast-global-color-5)","background-image":"","background-repeat":"repeat","background-position":"center center","background-size":"auto","background-attachment":"scroll","background-type":"","background-media":"","overlay-type":"","overlay-color":"","overlay-opacity":"","overlay-gradient":""},"tablet":{"background-color":"","background-image":"","background-repeat":"repeat","background-position":"center center","background-size":"auto","background-attachment":"scroll","background-type":"","background-media":"","overlay-type":"","overlay-color":"","overlay-opacity":"","overlay-gradient":""},"mobile":{"background-color":"","background-image":"","background-repeat":"repeat","background-position":"center center","background-size":"auto","background-attachment":"scroll","background-type":"","background-media":"","overlay-type":"","overlay-color":"","overlay-opacity":"","overlay-gradient":""}},"ast-content-background-meta":{"desktop":{"background-color":"var(--ast-global-color-4)","background-image":"","background-repeat":"repeat","background-position":"center center","background-size":"auto","background-attachment":"scroll","background-type":"","background-media":"","overlay-type":"","overlay-color":"","overlay-opacity":"","overlay-gradient":""},"tablet":{"background-color":"var(--ast-global-color-4)","background-image":"","background-repeat":"repeat","background-position":"center center","background-size":"auto","background-attachment":"scroll","background-type":"","background-media":"","overlay-type":"","overlay-color":"","overlay-opacity":"","overlay-gradient":""},"mobile":{"background-color":"var(--ast-global-color-4)","background-image":"","background-repeat":"repeat","background-position":"center center","background-size":"auto","background-attachment":"scroll","background-type":"","background-media":"","overlay-type":"","overlay-color":"","overlay-opacity":"","overlay-gradient":""}},"footnotes":""},"class_list":["post-51","page","type-page","status-publish","hentry"],"_links":{"self":[{"href":"https:\/\/jaypre.de\/index.php?rest_route=\/wp\/v2\/pages\/51","targetHints":{"allow":["GET"]}}],"collection":[{"href":"https:\/\/jaypre.de\/index.php?rest_route=\/wp\/v2\/pages"}],"about":[{"href":"https:\/\/jaypre.de\/index.php?rest_route=\/wp\/v2\/types\/page"}],"author":[{"embeddable":true,"href":"https:\/\/jaypre.de\/index.php?rest_route=\/wp\/v2\/users\/1"}],"replies":[{"embeddable":true,"href":"https:\/\/jaypre.de\/index.php?rest_route=%2Fwp%2Fv2%2Fcomments&post=51"}],"version-history":[{"count":1,"href":"https:\/\/jaypre.de\/index.php?rest_route=\/wp\/v2\/pages\/51\/revisions"}],"predecessor-version":[{"id":52,"href":"https:\/\/jaypre.de\/index.php?rest_route=\/wp\/v2\/pages\/51\/revisions\/52"}],"wp:attachment":[{"href":"https:\/\/jaypre.de\/index.php?rest_route=%2Fwp%2Fv2%2Fmedia&parent=51"}],"curies":[{"name":"wp","href":"https:\/\/api.w.org\/{rel}","templated":true}]}}